{"id":104,"date":"2016-02-21T00:07:06","date_gmt":"2016-02-21T00:07:06","guid":{"rendered":"https:\/\/alquilerbahia.com.ar\/?page_id=104"},"modified":"2018-03-17T22:05:17","modified_gmt":"2018-03-17T22:05:17","slug":"formas-de-pago","status":"publish","type":"page","link":"https:\/\/alquilerbahia.com.ar\/?page_id=104","title":{"rendered":"Formas de Pago"},"content":{"rendered":"<div class=\"wpb-content-wrapper\"><p>[vc_row full_width=\u00bb\u00bb parallax=\u00bb\u00bb parallax_image=\u00bb\u00bb][vc_column width=\u00bb1\/1&#8243;][vc_column_text]Puede abonar en Efectivo al alojar (previa se\u00f1a correspondiente) o bien mediante transferencia bancaria o deposito a cuenta.<\/p>\n<p><strong>Ahora puede abonar sus compras con tarjeta de credito<\/strong> con estas promociones sin inter\u00e9s que tenemos para ofrecerle. Utilizando MercadoPago, sus compras estan garantizadas y puede realizar el pago desde la comodidad de su hogar!<\/p>\n<p>Cons\u00faltenos mediante el formulario para m\u00e1s informaci\u00f3n o ll\u00e1menos a nuestros tel\u00e9fonos![\/vc_column_text][vc_column_text]<\/p>\n<p><iframe loading=\"lazy\" src=\"https:\/\/www.mercadopago.com.ar\/cuotas\" width=\"100%\" height=\"1100px\"><\/iframe><\/p>\n<p>[\/vc_column_text][\/vc_column][\/vc_row]<\/p>\n<\/div>","protected":false},"excerpt":{"rendered":"<p>[vc_row full_width=\u00bb\u00bb parallax=\u00bb\u00bb parallax_image=\u00bb\u00bb][vc_column width=\u00bb1\/1&#8243;][vc_column_text]Puede abonar en Efectivo al alojar (previa se\u00f1a correspondiente) o bien mediante transferencia bancaria o deposito&#8230;<\/p>\n","protected":false},"author":1,"featured_media":0,"parent":0,"menu_order":0,"comment_status":"closed","ping_status":"closed","template":"","meta":{"footnotes":""},"class_list":["post-104","page","type-page","status-publish","hentry"],"yoast_head":"<!-- This site is optimized with the Yoast SEO plugin v27.1.1 - https:\/\/yoast.com\/product\/yoast-seo-wordpress\/ -->\n<title>Formas de Pago - Alquiler Bahia<\/title>\n<meta name=\"robots\" content=\"index, follow, max-snippet:-1, max-image-preview:large, max-video-preview:-1\" \/>\n<link rel=\"canonical\" href=\"https:\/\/alquilerbahia.com.ar\/?page_id=104\" \/>\n<meta property=\"og:locale\" content=\"es_ES\" \/>\n<meta property=\"og:type\" content=\"article\" \/>\n<meta property=\"og:title\" content=\"Formas de Pago - Alquiler Bahia\" \/>\n<meta property=\"og:description\" content=\"[vc_row full_width=\u00bb\u00bb parallax=\u00bb\u00bb parallax_image=\u00bb\u00bb][vc_column width=\u00bb1\/1&#8243;][vc_column_text]Puede abonar en Efectivo al alojar (previa se\u00f1a correspondiente) o bien mediante transferencia bancaria o deposito...\" \/>\n<meta property=\"og:url\" content=\"https:\/\/alquilerbahia.com.ar\/?page_id=104\" \/>\n<meta property=\"og:site_name\" content=\"Alquiler Bahia\" \/>\n<meta property=\"article:modified_time\" content=\"2018-03-17T22:05:17+00:00\" \/>\n<meta name=\"twitter:card\" content=\"summary_large_image\" \/>\n<script type=\"application\/ld+json\" class=\"yoast-schema-graph\">{\"@context\":\"https:\/\/schema.org\",\"@graph\":[{\"@type\":\"WebPage\",\"@id\":\"https:\/\/alquilerbahia.com.ar\/?page_id=104\",\"url\":\"https:\/\/alquilerbahia.com.ar\/?page_id=104\",\"name\":\"Formas de Pago - Alquiler Bahia\",\"isPartOf\":{\"@id\":\"https:\/\/alquilerbahia.com.ar\/#website\"},\"datePublished\":\"2016-02-21T00:07:06+00:00\",\"dateModified\":\"2018-03-17T22:05:17+00:00\",\"breadcrumb\":{\"@id\":\"https:\/\/alquilerbahia.com.ar\/?page_id=104#breadcrumb\"},\"inLanguage\":\"es\",\"potentialAction\":[{\"@type\":\"ReadAction\",\"target\":[\"https:\/\/alquilerbahia.com.ar\/?page_id=104\"]}]},{\"@type\":\"BreadcrumbList\",\"@id\":\"https:\/\/alquilerbahia.com.ar\/?page_id=104#breadcrumb\",\"itemListElement\":[{\"@type\":\"ListItem\",\"position\":1,\"name\":\"Portada\",\"item\":\"https:\/\/alquilerbahia.com.ar\/\"},{\"@type\":\"ListItem\",\"position\":2,\"name\":\"Formas de Pago\"}]},{\"@type\":\"WebSite\",\"@id\":\"https:\/\/alquilerbahia.com.ar\/#website\",\"url\":\"https:\/\/alquilerbahia.com.ar\/\",\"name\":\"Alquiler Bahia\",\"description\":\"Alquiler temporario en Bahia Blanca\",\"potentialAction\":[{\"@type\":\"SearchAction\",\"target\":{\"@type\":\"EntryPoint\",\"urlTemplate\":\"https:\/\/alquilerbahia.com.ar\/?s={search_term_string}\"},\"query-input\":{\"@type\":\"PropertyValueSpecification\",\"valueRequired\":true,\"valueName\":\"search_term_string\"}}],\"inLanguage\":\"es\"}]}<\/script>\n<!-- \/ Yoast SEO plugin. -->","yoast_head_json":{"title":"Formas de Pago - Alquiler Bahia","robots":{"index":"index","follow":"follow","max-snippet":"max-snippet:-1","max-image-preview":"max-image-preview:large","max-video-preview":"max-video-preview:-1"},"canonical":"https:\/\/alquilerbahia.com.ar\/?page_id=104","og_locale":"es_ES","og_type":"article","og_title":"Formas de Pago - Alquiler Bahia","og_description":"[vc_row full_width=\u00bb\u00bb parallax=\u00bb\u00bb parallax_image=\u00bb\u00bb][vc_column width=\u00bb1\/1&#8243;][vc_column_text]Puede abonar en Efectivo al alojar (previa se\u00f1a correspondiente) o bien mediante transferencia bancaria o deposito...","og_url":"https:\/\/alquilerbahia.com.ar\/?page_id=104","og_site_name":"Alquiler Bahia","article_modified_time":"2018-03-17T22:05:17+00:00","twitter_card":"summary_large_image","schema":{"@context":"https:\/\/schema.org","@graph":[{"@type":"WebPage","@id":"https:\/\/alquilerbahia.com.ar\/?page_id=104","url":"https:\/\/alquilerbahia.com.ar\/?page_id=104","name":"Formas de Pago - Alquiler Bahia","isPartOf":{"@id":"https:\/\/alquilerbahia.com.ar\/#website"},"datePublished":"2016-02-21T00:07:06+00:00","dateModified":"2018-03-17T22:05:17+00:00","breadcrumb":{"@id":"https:\/\/alquilerbahia.com.ar\/?page_id=104#breadcrumb"},"inLanguage":"es","potentialAction":[{"@type":"ReadAction","target":["https:\/\/alquilerbahia.com.ar\/?page_id=104"]}]},{"@type":"BreadcrumbList","@id":"https:\/\/alquilerbahia.com.ar\/?page_id=104#breadcrumb","itemListElement":[{"@type":"ListItem","position":1,"name":"Portada","item":"https:\/\/alquilerbahia.com.ar\/"},{"@type":"ListItem","position":2,"name":"Formas de Pago"}]},{"@type":"WebSite","@id":"https:\/\/alquilerbahia.com.ar\/#website","url":"https:\/\/alquilerbahia.com.ar\/","name":"Alquiler Bahia","description":"Alquiler temporario en Bahia Blanca","potentialAction":[{"@type":"SearchAction","target":{"@type":"EntryPoint","urlTemplate":"https:\/\/alquilerbahia.com.ar\/?s={search_term_string}"},"query-input":{"@type":"PropertyValueSpecification","valueRequired":true,"valueName":"search_term_string"}}],"inLanguage":"es"}]}},"_links":{"self":[{"href":"https:\/\/alquilerbahia.com.ar\/index.php?rest_route=\/wp\/v2\/pages\/104","targetHints":{"allow":["GET"]}}],"collection":[{"href":"https:\/\/alquilerbahia.com.ar\/index.php?rest_route=\/wp\/v2\/pages"}],"about":[{"href":"https:\/\/alquilerbahia.com.ar\/index.php?rest_route=\/wp\/v2\/types\/page"}],"author":[{"embeddable":true,"href":"https:\/\/alquilerbahia.com.ar\/index.php?rest_route=\/wp\/v2\/users\/1"}],"replies":[{"embeddable":true,"href":"https:\/\/alquilerbahia.com.ar\/index.php?rest_route=%2Fwp%2Fv2%2Fcomments&post=104"}],"version-history":[{"count":6,"href":"https:\/\/alquilerbahia.com.ar\/index.php?rest_route=\/wp\/v2\/pages\/104\/revisions"}],"predecessor-version":[{"id":152,"href":"https:\/\/alquilerbahia.com.ar\/index.php?rest_route=\/wp\/v2\/pages\/104\/revisions\/152"}],"wp:attachment":[{"href":"https:\/\/alquilerbahia.com.ar\/index.php?rest_route=%2Fwp%2Fv2%2Fmedia&parent=104"}],"curies":[{"name":"wp","href":"https:\/\/api.w.org\/{rel}","templated":true}]}}