{"id":11,"date":"2015-12-06T14:58:48","date_gmt":"2015-12-06T14:58:48","guid":{"rendered":"https:\/\/alquilerbahia.com.ar\/sitio\/?page_id=11"},"modified":"2018-04-20T17:32:16","modified_gmt":"2018-04-20T17:32:16","slug":"caronti","status":"publish","type":"page","link":"https:\/\/alquilerbahia.com.ar\/?page_id=11","title":{"rendered":"Caronti | Alquiler Bahia Blanca | Departamentos por dia en Bahia Blanca"},"content":{"rendered":"<div class=\"wpb-content-wrapper\"><p>[vc_row full_width=\u00bb\u00bb parallax=\u00bb\u00bb parallax_image=\u00bb\u00bb][vc_column width=\u00bb1\/1&#8243;][vc_separator color=\u00bbchino\u00bb align=\u00bbalign_center\u00bb border_width=\u00bb2&#8243;][vc_custom_heading text=\u00bbAlquiler Bahia Blanca | Caronti \u00bb font_container=\u00bbtag:h2|text_align:left\u00bb google_fonts=\u00bbfont_family:Oswald%3A300%2Cregular%2C700|font_style:400%20regular%3A400%3Anormal\u00bb][\/vc_column][\/vc_row][vc_row full_width=\u00bb\u00bb parallax=\u00bb\u00bb parallax_image=\u00bb\u00bb][vc_column width=\u00bb1\/2&#8243;][vc_column_text]<\/p>\n<h2>Alquiler Bahia Blanca<\/h2>\n<ul>\n<li><em><strong>Edificio nuevo, alquiler bahia blanca, departamento Caronti.<\/strong><\/em><\/li>\n<li>1 dormitorio con sommier 2 plazas<\/li>\n<li>Calefactor en dormitorio<\/li>\n<li>TV led de 24 en dormitorio<\/li>\n<li>Placard espejado en dormitorio<\/li>\n<li>Ba\u00f1o con extractor electrico de olores<\/li>\n<li>Comedor diario con mesa y cuatro sillas<\/li>\n<li>Desayunador<\/li>\n<li>Divan cama en living<\/li>\n<li>Heladera de 14 pies<\/li>\n<li>Microondas &#8211;\u00a0 Pava electrica<\/li>\n<li>Calefactor y aire acondicionado en el living<\/li>\n<li>Internet-wifi<\/li>\n<li><b>TV led <\/b>de 32 en el living<\/li>\n<li>Horno el\u00e9ctrico BGH<\/li>\n<li>Tostadora ATMA<\/li>\n<li>Vajilla y utensilios disponible<\/li>\n<\/ul>\n<p><strong>POSEE COCHERA<\/strong><\/p>\n<div id=\"x_yui_3_16_0_1_1452630837891_5121\" dir=\"ltr\"><strong>ZONA CENTRICA<\/strong><\/div>\n<div id=\"x_yui_3_16_0_1_1452630837891_5027\" dir=\"ltr\"><strong>A 4 CUADRAS DE LA PLAZA CENTRAL<\/strong><\/div>\n<div id=\"x_yui_3_16_0_1_1452630837891_5026\" dir=\"ltr\"><strong>A 1 CUADRA DEL HOSPITAL ESPA\u00d1OL<\/strong><\/div>\n<p>[\/vc_column_text][\/vc_column][vc_column width=\u00bb1\/2&#8243;][vc_masonry_media_grid style=\u00bball\u00bb items_per_page=\u00bb10&#8243; element_width=\u00bb4&#8243; gap=\u00bb5&#8243; button_style=\u00bbrounded\u00bb button_color=\u00bbblue\u00bb button_size=\u00bbmd\u00bb arrows_design=\u00bbnone\u00bb arrows_position=\u00bbinside\u00bb arrows_color=\u00bbblue\u00bb paging_design=\u00bbradio_dots\u00bb paging_color=\u00bbgrey\u00bb loop=\u00bb\u00bb autoplay=\u00bb-1&#8243; item=\u00bbmasonryMedia_Default\u00bb grid_id=\u00bbvc_gid:1524245542483-696d39cd-e338-4&#8243; include=\u00bb49,50,111,114,117,118,119,120,121,131&#8243;][\/vc_column][\/vc_row][vc_row full_width=\u00bb\u00bb parallax=\u00bb\u00bb parallax_image=\u00bb\u00bb][vc_column width=\u00bb1\/1&#8243;][vc_gmaps link=\u00bb#E-8_JTNDaWZyYW1lJTIwc3JjJTNEJTIyaHR0cHMlM0ElMkYlMkZ3d3cuZ29vZ2xlLmNvbSUyRm1hcHMlMkZlbWJlZCUzRnBiJTNEJTIxMW0xNCUyMTFtOCUyMTFtMyUyMTFkMTI0NTIuODcxOTQwMTI1NTI0JTIxMmQtNjIuMjcxMzY4MDAwMDAwMDElMjEzZC0zOC43MTI4MDQlMjEzbTIlMjExaTEwMjQlMjEyaTc2OCUyMTRmMTMuMSUyMTNtMyUyMTFtMiUyMTFzMHg5NWVkYmNhOTQwMjNjZjhmJTI1M0EweDgwN2QwZmMyOTg3NGE4NjAlMjEyc0Nhcm9udGklMkIxMjclMjUyQyUyQjgwMDAlMkJCYWglMjVDMyUyNUFEYSUyQkJsYW5jYSUyNTJDJTJCQnVlbm9zJTJCQWlyZXMlMjUyQyUyQkFyZ2VudGluYSUyMTVlMCUyMTNtMiUyMTFzZXMtNDE5JTIxMnNhciUyMTR2MTQ0OTY4MTA2Mzk2OSUyMiUyMHdpZHRoJTNEJTIyMTAwJTI1JTIyJTIwaGVpZ2h0JTNEJTIyNDUwJTIyJTIwZnJhbWVib3JkZXIlM0QlMjIwJTIyJTIwc3R5bGUlM0QlMjJib3JkZXIlM0EwJTIyJTIwYWxsb3dmdWxsc2NyZWVuJTNFJTNDJTJGaWZyYW1lJTNF\u00bb][\/vc_column][\/vc_row][vc_row full_width=\u00bb\u00bb parallax=\u00bb\u00bb parallax_image=\u00bb\u00bb][vc_column width=\u00bb1\/1&#8243;][vc_column_text]<span style=\"color: #ffffff;\">La ciudad de Bah\u00eda Blanca, ubicada en el sudoeste de la Provincia de Buenos Aires de la Rep\u00fablica Argentina, cuenta con las condiciones y capacidades necesarias para cumplir un rol trascendente en el escenario nacional e internacional (localizaci\u00f3n).<\/span><\/p>\n<p><span style=\"color: #ffffff;\">A\u00a0 trav\u00e9s del Puerto de Bah\u00eda Blanca (leer m\u00e1s), de aguas profundas, constituye la salida natural de la producci\u00f3n agr\u00edcola de la regi\u00f3n pampeana, destacada cuenca agroexportadora de la Rep\u00fablica Argentina.<\/span><\/p>\n<p><span style=\"color: #ffffff;\">La ciudad se ha consolidado como centro comercial y financiero para una amplia zona de influencia, proveyendo bienes y servicios.<\/span><\/p>\n<p><span style=\"color: #ffffff;\">Constituye un destacado nodo de transportes y comunicaciones entre el Norte de la Patagonia y la Pampa sustentado en su infraestructura terrestre, mar\u00edtima y aeroportuaria que lo vinculan con otras econom\u00edas regionales y los mercados internacionales.<\/span><\/p>\n<p><span style=\"color: #ffffff;\">La presencia de centros acad\u00e9micos de s\u00f3lido prestigio en los niveles universitario y terciario garantiza la formaci\u00f3n profesional de recursos humanos altamente calificados. Se destacan dos universidades nacionales:\u00a0Universidad Nacional del Sur\u00a0<strong>UNS<\/strong>\u00a0y\u00a0Universidad Tecnol\u00f3gica Nacional\u00a0<strong>UTN<\/strong>\u00a0y una tercera en formaci\u00f3n.<\/span><\/p>\n<p><span style=\"color: #ffffff;\">Fortalece esta \u00e1rea la labor de los Institutos de investigaci\u00f3n como el\u00a0Centro Cient\u00edfico Tecnol\u00f3gico CONICET Bah\u00eda Blanca\u00a0<strong>CCT\u2013BB<\/strong>; el\u00a0Centro de Recursos Renovables de la Zona Semi\u00e1rida<strong>\u00a0CERZOS<\/strong>; la\u00a0Planta Piloto de Ingenier\u00eda Qu\u00edmica\u00a0<strong>PLAPIQUI<\/strong>, y el Instituto de Estudios Econ\u00f3micos y Sociales que funcionan en la \u00f3rbita de la UNS y el CCT-BB, as\u00ed como los grupos de investigaci\u00f3n de la UTN.<\/span><\/p>\n<p><span style=\"color: #ffffff;\">Asimismo la\u00a0Universidad Provincial del Sudoeste\u00a0<strong>UPSO<\/strong>, cuyas sedes se encuentran en distintos municipios, capacita alumnos en carreras cortas vinculadas a las demandas regionales.<\/span>[\/vc_column_text][\/vc_column][\/vc_row]<\/p>\n<\/div>","protected":false},"excerpt":{"rendered":"<p>[vc_row full_width=\u00bb\u00bb parallax=\u00bb\u00bb parallax_image=\u00bb\u00bb][vc_column width=\u00bb1\/1&#8243;][vc_separator color=\u00bbchino\u00bb align=\u00bbalign_center\u00bb border_width=\u00bb2&#8243;][vc_custom_heading text=\u00bbAlquiler Bahia Blanca | Caronti \u00bb font_container=\u00bbtag:h2|text_align:left\u00bb google_fonts=\u00bbfont_family:Oswald%3A300%2Cregular%2C700|font_style:400%20regular%3A400%3Anormal\u00bb][\/vc_column][\/vc_row][vc_row full_width=\u00bb\u00bb parallax=\u00bb\u00bb parallax_image=\u00bb\u00bb][vc_column width=\u00bb1\/2&#8243;][vc_column_text]&#8230;<\/p>\n","protected":false},"author":1,"featured_media":44,"parent":0,"menu_order":0,"comment_status":"closed","ping_status":"closed","template":"","meta":{"footnotes":""},"class_list":["post-11","page","type-page","status-publish","has-post-thumbnail","hentry"],"yoast_head":"<!-- This site is optimized with the Yoast SEO plugin v27.1.1 - https:\/\/yoast.com\/product\/yoast-seo-wordpress\/ -->\n<title>alquiler bahia blanca | alquilerbahia.com.ar | deptos por dia<\/title>\n<meta name=\"description\" content=\"Alquiler Bahia Blanca, ubicado sobre Caronti a pocas cuadras del centro de Bahia Blanca. Inmejorable ubicacion. Alquilerbahia.com.ar Alquiler Bahia Blanca.\" \/>\n<meta name=\"robots\" content=\"index, follow, max-snippet:-1, max-image-preview:large, max-video-preview:-1\" \/>\n<link rel=\"canonical\" href=\"https:\/\/alquilerbahia.com.ar\/?page_id=11\" \/>\n<meta property=\"og:locale\" content=\"es_ES\" \/>\n<meta property=\"og:type\" content=\"article\" \/>\n<meta property=\"og:title\" content=\"alquiler bahia blanca | alquilerbahia.com.ar | deptos por dia\" \/>\n<meta property=\"og:description\" content=\"Alquiler Bahia Blanca, ubicado sobre Caronti a pocas cuadras del centro de Bahia Blanca. Inmejorable ubicacion. Alquilerbahia.com.ar Alquiler Bahia Blanca.\" \/>\n<meta property=\"og:url\" content=\"https:\/\/alquilerbahia.com.ar\/?page_id=11\" \/>\n<meta property=\"og:site_name\" content=\"Alquiler Bahia\" \/>\n<meta property=\"article:modified_time\" content=\"2018-04-20T17:32:16+00:00\" \/>\n<meta property=\"og:image\" content=\"https:\/\/alquilerbahia.com.ar\/wp-content\/uploads\/2015\/12\/Caronti-3.jpg\" \/>\n\t<meta property=\"og:image:width\" content=\"640\" \/>\n\t<meta property=\"og:image:height\" content=\"480\" \/>\n\t<meta property=\"og:image:type\" content=\"image\/jpeg\" \/>\n<meta name=\"twitter:card\" content=\"summary_large_image\" \/>\n<meta name=\"twitter:label1\" content=\"Tiempo de lectura\" \/>\n\t<meta name=\"twitter:data1\" content=\"3 minutos\" \/>\n<script type=\"application\/ld+json\" class=\"yoast-schema-graph\">{\"@context\":\"https:\/\/schema.org\",\"@graph\":[{\"@type\":\"WebPage\",\"@id\":\"https:\/\/alquilerbahia.com.ar\/?page_id=11\",\"url\":\"https:\/\/alquilerbahia.com.ar\/?page_id=11\",\"name\":\"alquiler bahia blanca | alquilerbahia.com.ar | deptos por dia\",\"isPartOf\":{\"@id\":\"https:\/\/alquilerbahia.com.ar\/#website\"},\"primaryImageOfPage\":{\"@id\":\"https:\/\/alquilerbahia.com.ar\/?page_id=11#primaryimage\"},\"image\":{\"@id\":\"https:\/\/alquilerbahia.com.ar\/?page_id=11#primaryimage\"},\"thumbnailUrl\":\"https:\/\/alquilerbahia.com.ar\/wp-content\/uploads\/2015\/12\/Caronti-3.jpg\",\"datePublished\":\"2015-12-06T14:58:48+00:00\",\"dateModified\":\"2018-04-20T17:32:16+00:00\",\"description\":\"Alquiler Bahia Blanca, ubicado sobre Caronti a pocas cuadras del centro de Bahia Blanca. Inmejorable ubicacion. Alquilerbahia.com.ar Alquiler Bahia Blanca.\",\"breadcrumb\":{\"@id\":\"https:\/\/alquilerbahia.com.ar\/?page_id=11#breadcrumb\"},\"inLanguage\":\"es\",\"potentialAction\":[{\"@type\":\"ReadAction\",\"target\":[\"https:\/\/alquilerbahia.com.ar\/?page_id=11\"]}]},{\"@type\":\"ImageObject\",\"inLanguage\":\"es\",\"@id\":\"https:\/\/alquilerbahia.com.ar\/?page_id=11#primaryimage\",\"url\":\"https:\/\/alquilerbahia.com.ar\/wp-content\/uploads\/2015\/12\/Caronti-3.jpg\",\"contentUrl\":\"https:\/\/alquilerbahia.com.ar\/wp-content\/uploads\/2015\/12\/Caronti-3.jpg\",\"width\":640,\"height\":480,\"caption\":\"Alquiler Bahia Blanca\"},{\"@type\":\"BreadcrumbList\",\"@id\":\"https:\/\/alquilerbahia.com.ar\/?page_id=11#breadcrumb\",\"itemListElement\":[{\"@type\":\"ListItem\",\"position\":1,\"name\":\"Portada\",\"item\":\"https:\/\/alquilerbahia.com.ar\/\"},{\"@type\":\"ListItem\",\"position\":2,\"name\":\"Caronti | Alquiler Bahia Blanca | Departamentos por dia en Bahia Blanca\"}]},{\"@type\":\"WebSite\",\"@id\":\"https:\/\/alquilerbahia.com.ar\/#website\",\"url\":\"https:\/\/alquilerbahia.com.ar\/\",\"name\":\"Alquiler Bahia\",\"description\":\"Alquiler temporario en Bahia Blanca\",\"potentialAction\":[{\"@type\":\"SearchAction\",\"target\":{\"@type\":\"EntryPoint\",\"urlTemplate\":\"https:\/\/alquilerbahia.com.ar\/?s={search_term_string}\"},\"query-input\":{\"@type\":\"PropertyValueSpecification\",\"valueRequired\":true,\"valueName\":\"search_term_string\"}}],\"inLanguage\":\"es\"}]}<\/script>\n<!-- \/ Yoast SEO plugin. -->","yoast_head_json":{"title":"alquiler bahia blanca | alquilerbahia.com.ar | deptos por dia","description":"Alquiler Bahia Blanca, ubicado sobre Caronti a pocas cuadras del centro de Bahia Blanca. Inmejorable ubicacion. Alquilerbahia.com.ar Alquiler Bahia Blanca.","robots":{"index":"index","follow":"follow","max-snippet":"max-snippet:-1","max-image-preview":"max-image-preview:large","max-video-preview":"max-video-preview:-1"},"canonical":"https:\/\/alquilerbahia.com.ar\/?page_id=11","og_locale":"es_ES","og_type":"article","og_title":"alquiler bahia blanca | alquilerbahia.com.ar | deptos por dia","og_description":"Alquiler Bahia Blanca, ubicado sobre Caronti a pocas cuadras del centro de Bahia Blanca. Inmejorable ubicacion. Alquilerbahia.com.ar Alquiler Bahia Blanca.","og_url":"https:\/\/alquilerbahia.com.ar\/?page_id=11","og_site_name":"Alquiler Bahia","article_modified_time":"2018-04-20T17:32:16+00:00","og_image":[{"width":640,"height":480,"url":"https:\/\/alquilerbahia.com.ar\/wp-content\/uploads\/2015\/12\/Caronti-3.jpg","type":"image\/jpeg"}],"twitter_card":"summary_large_image","twitter_misc":{"Tiempo de lectura":"3 minutos"},"schema":{"@context":"https:\/\/schema.org","@graph":[{"@type":"WebPage","@id":"https:\/\/alquilerbahia.com.ar\/?page_id=11","url":"https:\/\/alquilerbahia.com.ar\/?page_id=11","name":"alquiler bahia blanca | alquilerbahia.com.ar | deptos por dia","isPartOf":{"@id":"https:\/\/alquilerbahia.com.ar\/#website"},"primaryImageOfPage":{"@id":"https:\/\/alquilerbahia.com.ar\/?page_id=11#primaryimage"},"image":{"@id":"https:\/\/alquilerbahia.com.ar\/?page_id=11#primaryimage"},"thumbnailUrl":"https:\/\/alquilerbahia.com.ar\/wp-content\/uploads\/2015\/12\/Caronti-3.jpg","datePublished":"2015-12-06T14:58:48+00:00","dateModified":"2018-04-20T17:32:16+00:00","description":"Alquiler Bahia Blanca, ubicado sobre Caronti a pocas cuadras del centro de Bahia Blanca. Inmejorable ubicacion. Alquilerbahia.com.ar Alquiler Bahia Blanca.","breadcrumb":{"@id":"https:\/\/alquilerbahia.com.ar\/?page_id=11#breadcrumb"},"inLanguage":"es","potentialAction":[{"@type":"ReadAction","target":["https:\/\/alquilerbahia.com.ar\/?page_id=11"]}]},{"@type":"ImageObject","inLanguage":"es","@id":"https:\/\/alquilerbahia.com.ar\/?page_id=11#primaryimage","url":"https:\/\/alquilerbahia.com.ar\/wp-content\/uploads\/2015\/12\/Caronti-3.jpg","contentUrl":"https:\/\/alquilerbahia.com.ar\/wp-content\/uploads\/2015\/12\/Caronti-3.jpg","width":640,"height":480,"caption":"Alquiler Bahia Blanca"},{"@type":"BreadcrumbList","@id":"https:\/\/alquilerbahia.com.ar\/?page_id=11#breadcrumb","itemListElement":[{"@type":"ListItem","position":1,"name":"Portada","item":"https:\/\/alquilerbahia.com.ar\/"},{"@type":"ListItem","position":2,"name":"Caronti | Alquiler Bahia Blanca | Departamentos por dia en Bahia Blanca"}]},{"@type":"WebSite","@id":"https:\/\/alquilerbahia.com.ar\/#website","url":"https:\/\/alquilerbahia.com.ar\/","name":"Alquiler Bahia","description":"Alquiler temporario en Bahia Blanca","potentialAction":[{"@type":"SearchAction","target":{"@type":"EntryPoint","urlTemplate":"https:\/\/alquilerbahia.com.ar\/?s={search_term_string}"},"query-input":{"@type":"PropertyValueSpecification","valueRequired":true,"valueName":"search_term_string"}}],"inLanguage":"es"}]}},"_links":{"self":[{"href":"https:\/\/alquilerbahia.com.ar\/index.php?rest_route=\/wp\/v2\/pages\/11","targetHints":{"allow":["GET"]}}],"collection":[{"href":"https:\/\/alquilerbahia.com.ar\/index.php?rest_route=\/wp\/v2\/pages"}],"about":[{"href":"https:\/\/alquilerbahia.com.ar\/index.php?rest_route=\/wp\/v2\/types\/page"}],"author":[{"embeddable":true,"href":"https:\/\/alquilerbahia.com.ar\/index.php?rest_route=\/wp\/v2\/users\/1"}],"replies":[{"embeddable":true,"href":"https:\/\/alquilerbahia.com.ar\/index.php?rest_route=%2Fwp%2Fv2%2Fcomments&post=11"}],"version-history":[{"count":12,"href":"https:\/\/alquilerbahia.com.ar\/index.php?rest_route=\/wp\/v2\/pages\/11\/revisions"}],"predecessor-version":[{"id":156,"href":"https:\/\/alquilerbahia.com.ar\/index.php?rest_route=\/wp\/v2\/pages\/11\/revisions\/156"}],"wp:featuredmedia":[{"embeddable":true,"href":"https:\/\/alquilerbahia.com.ar\/index.php?rest_route=\/wp\/v2\/media\/44"}],"wp:attachment":[{"href":"https:\/\/alquilerbahia.com.ar\/index.php?rest_route=%2Fwp%2Fv2%2Fmedia&parent=11"}],"curies":[{"name":"wp","href":"https:\/\/api.w.org\/{rel}","templated":true}]}}