{"id":5,"date":"2015-12-06T14:57:42","date_gmt":"2015-12-06T14:57:42","guid":{"rendered":"https:\/\/alquilerbahia.com.ar\/sitio\/?page_id=5"},"modified":"2025-10-12T16:08:18","modified_gmt":"2025-10-12T16:08:18","slug":"alquilerbahia","status":"publish","type":"page","link":"https:\/\/alquilerbahia.com.ar\/","title":{"rendered":"Bienvenidos | Alquiler Bahia | Departamentos por dia en Bahia Blanca"},"content":{"rendered":"<div class=\"wpb-content-wrapper\"><p>[vc_row full_width=\u00bb\u00bb parallax=\u00bb\u00bb parallax_image=\u00bb\u00bb][vc_column width=\u00bb1\/1&#8243;][rev_slider_vc alias=\u00bbprincipal\u00bb][\/vc_column][\/vc_row][vc_row full_width=\u00bb\u00bb parallax=\u00bb\u00bb parallax_image=\u00bb\u00bb][vc_column width=\u00bb2\/3&#8243;][vc_column_text]<\/p>\n<h3>Departamentos por D\u00eda | Alquiler Bahia<\/h3>\n<p>Nuestros <strong>departamentos<\/strong> est\u00e1n<strong> totalmente equipados y amueblados,<\/strong> con destacados detalles de decoraci\u00f3n y confort. Cuentan con aire acondicionado, Internet con wifi, vajilla completa, televisi\u00f3n por cable, ropa blanca. En alquiler Bahia, te ofrecemos una estancia placentera y comoda.<\/p>\n<p>Es una opci\u00f3n ideal para <strong>turistas, empresarios, profesionales y ejecutivos<\/strong> que desean tener el confort, la seguridad, la categor\u00eda, la privacidad y la comodidad de un departamento.<br \/>\nTel. de contacto:<\/p>\n<p>0291 &#8211; 154136021 | 0291 &#8211; 154136020\u00a0 | 011 &#8211; 1554168328<\/p>\n<div class=\"block\">\n<h3>Equipamiento<\/h3>\n<ul class=\"templatemo_list\">\n<li>Departamentos en alquiler por D\u00eca en Bahia Blanca.<\/li>\n<li>Ubicaciones inmejorables.<\/li>\n<li>Amoblados y decorados con buen gusto y estilo.<\/li>\n<li>Calidad y Confort.<\/li>\n<li>Aire Acondicionado, Tv Digital, WIFI, etc.<\/li>\n<\/ul>\n<\/div>\n<div class=\"block\"><a class=\"more\" href=\"mailto:info@alquilarbahia.com.ar\">info@alquilerbahia.com.ar<\/a><\/div>\n<p>[\/vc_column_text][\/vc_column][vc_column width=\u00bb1\/3&#8243;][vc_gallery type=\u00bbimage_grid\u00bb interval=\u00bb3&#8243; images=\u00bb59,60,50,34,35&#8243; onclick=\u00bblink_image\u00bb custom_links_target=\u00bb_self\u00bb][\/vc_column][\/vc_row][vc_row full_width=\u00bb\u00bb parallax=\u00bb\u00bb parallax_image=\u00bb\u00bb][vc_column width=\u00bb1\/3&#8243;][vc_facebook type=\u00bbstandard\u00bb][\/vc_column][vc_column width=\u00bb1\/3&#8243;][vc_tweetmeme type=\u00bbhorizontal\u00bb][\/vc_column][vc_column width=\u00bb1\/3&#8243;][vc_googleplus annotation=\u00bbbubble\u00bb][\/vc_column][\/vc_row][vc_row full_width=\u00bb\u00bb parallax=\u00bb\u00bb parallax_image=\u00bb\u00bb][vc_column width=\u00bb1\/1&#8243;][vc_column_text]<\/p>\n<div class=\"gdl-header-wrapper\">\n<h1 class=\"gdl-header-title\"><span style=\"color: #ffffff;\">Generalidades de la Ciudad<\/span><\/h1>\n<div class=\"gdl-header-gimmick right\"><span style=\"color: #ffffff;\">\u00a0<\/span><\/div>\n<div class=\"clear\"><span style=\"color: #ffffff;\">\u00a0<\/span><\/div>\n<\/div>\n<div class=\"row\">\n<div class=\"twelve columns \">\n<div class=\"gdl-page-content\">\n<h3 class=\"sep\"><span style=\"color: #ffffff;\">Introducci\u00f3n<\/span><\/h3>\n<p><span style=\"color: #ffffff;\">La ciudad de Bah\u00eda Blanca, ubicada en el sudoeste de la Provincia de Buenos Aires de la Rep\u00fablica Argentina, cuenta con las condiciones y capacidades necesarias para cumplir un rol trascendente en el escenario nacional e internacional (localizaci\u00f3n).<\/span><\/p>\n<p><span style=\"color: #ffffff;\">A\u00a0 trav\u00e9s del Puerto de Bah\u00eda Blanca (leer m\u00e1s), de aguas profundas, constituye la salida natural de la producci\u00f3n agr\u00edcola de la regi\u00f3n pampeana, destacada cuenca agroexportadora de la Rep\u00fablica Argentina.<\/span><\/p>\n<p><span style=\"color: #ffffff;\">La ciudad se ha consolidado como centro comercial y financiero para una amplia zona de influencia, proveyendo bienes y servicios.<\/span><\/p>\n<p><span style=\"color: #ffffff;\">Constituye un destacado nodo de transportes y comunicaciones entre el Norte de la Patagonia y la Pampa sustentado en su infraestructura terrestre, mar\u00edtima y aeroportuaria que lo vinculan con otras econom\u00edas regionales y los mercados internacionales.<\/span><\/p>\n<p><span style=\"color: #ffffff;\">\u00a0<\/span><\/p>\n<\/div>\n<\/div>\n<\/div>\n<p>[\/vc_column_text][\/vc_column][\/vc_row]<\/p>\n<\/div>","protected":false},"excerpt":{"rendered":"<p>[vc_row full_width=\u00bb\u00bb parallax=\u00bb\u00bb parallax_image=\u00bb\u00bb][vc_column width=\u00bb1\/1&#8243;][rev_slider_vc alias=\u00bbprincipal\u00bb][\/vc_column][\/vc_row][vc_row full_width=\u00bb\u00bb parallax=\u00bb\u00bb parallax_image=\u00bb\u00bb][vc_column width=\u00bb2\/3&#8243;][vc_column_text] Departamentos por D\u00eda | Alquiler Bahia Nuestros departamentos est\u00e1n totalmente&#8230;<\/p>\n","protected":false},"author":1,"featured_media":58,"parent":0,"menu_order":0,"comment_status":"closed","ping_status":"closed","template":"","meta":{"footnotes":""},"class_list":["post-5","page","type-page","status-publish","has-post-thumbnail","hentry"],"yoast_head":"<!-- This site is optimized with the Yoast SEO plugin v27.1.1 - https:\/\/yoast.com\/product\/yoast-seo-wordpress\/ -->\n<title>alquiler bahia blanca :: Alquiler por dia en Bahia<\/title>\n<meta name=\"description\" content=\"Alquiler Bahia, en el centro de bahia blanca, con acceso a todos los servicios, se encuentran nuestros departamentos. Alquiler Bahia.com.ar\" \/>\n<meta name=\"robots\" content=\"index, follow, max-snippet:-1, max-image-preview:large, max-video-preview:-1\" \/>\n<link rel=\"canonical\" href=\"https:\/\/alquilerbahia.com.ar\/\" \/>\n<meta property=\"og:locale\" content=\"es_ES\" \/>\n<meta property=\"og:type\" content=\"article\" \/>\n<meta property=\"og:title\" content=\"alquiler bahia blanca :: Alquiler por dia en Bahia\" \/>\n<meta property=\"og:description\" content=\"Alquiler Bahia, en el centro de bahia blanca, con acceso a todos los servicios, se encuentran nuestros departamentos. Alquiler Bahia.com.ar\" \/>\n<meta property=\"og:url\" content=\"https:\/\/alquilerbahia.com.ar\/\" \/>\n<meta property=\"og:site_name\" content=\"Alquiler Bahia\" \/>\n<meta property=\"article:modified_time\" content=\"2025-10-12T16:08:18+00:00\" \/>\n<meta property=\"og:image\" content=\"http:\/\/alquilerbahia.com.ar\/wp-content\/uploads\/2015\/12\/estomba425-7.jpg\" \/>\n\t<meta property=\"og:image:width\" content=\"640\" \/>\n\t<meta property=\"og:image:height\" content=\"480\" \/>\n\t<meta property=\"og:image:type\" content=\"image\/jpeg\" \/>\n<meta name=\"twitter:card\" content=\"summary_large_image\" \/>\n<meta name=\"twitter:label1\" content=\"Tiempo de lectura\" \/>\n\t<meta name=\"twitter:data1\" content=\"3 minutos\" \/>\n<script type=\"application\/ld+json\" class=\"yoast-schema-graph\">{\"@context\":\"https:\/\/schema.org\",\"@graph\":[{\"@type\":\"WebPage\",\"@id\":\"https:\/\/alquilerbahia.com.ar\/\",\"url\":\"https:\/\/alquilerbahia.com.ar\/\",\"name\":\"alquiler bahia blanca :: Alquiler por dia en Bahia\",\"isPartOf\":{\"@id\":\"https:\/\/alquilerbahia.com.ar\/#website\"},\"primaryImageOfPage\":{\"@id\":\"https:\/\/alquilerbahia.com.ar\/#primaryimage\"},\"image\":{\"@id\":\"https:\/\/alquilerbahia.com.ar\/#primaryimage\"},\"thumbnailUrl\":\"https:\/\/alquilerbahia.com.ar\/wp-content\/uploads\/2015\/12\/estomba425-7.jpg\",\"datePublished\":\"2015-12-06T14:57:42+00:00\",\"dateModified\":\"2025-10-12T16:08:18+00:00\",\"description\":\"Alquiler Bahia, en el centro de bahia blanca, con acceso a todos los servicios, se encuentran nuestros departamentos. Alquiler Bahia.com.ar\",\"breadcrumb\":{\"@id\":\"https:\/\/alquilerbahia.com.ar\/#breadcrumb\"},\"inLanguage\":\"es\",\"potentialAction\":[{\"@type\":\"ReadAction\",\"target\":[\"https:\/\/alquilerbahia.com.ar\/\"]}]},{\"@type\":\"ImageObject\",\"inLanguage\":\"es\",\"@id\":\"https:\/\/alquilerbahia.com.ar\/#primaryimage\",\"url\":\"https:\/\/alquilerbahia.com.ar\/wp-content\/uploads\/2015\/12\/estomba425-7.jpg\",\"contentUrl\":\"https:\/\/alquilerbahia.com.ar\/wp-content\/uploads\/2015\/12\/estomba425-7.jpg\",\"width\":640,\"height\":480,\"caption\":\"Alquiler Bahia\"},{\"@type\":\"BreadcrumbList\",\"@id\":\"https:\/\/alquilerbahia.com.ar\/#breadcrumb\",\"itemListElement\":[{\"@type\":\"ListItem\",\"position\":1,\"name\":\"Portada\",\"item\":\"https:\/\/alquilerbahia.com.ar\/\"},{\"@type\":\"ListItem\",\"position\":2,\"name\":\"Bienvenidos | Alquiler Bahia | Departamentos por dia en Bahia Blanca\"}]},{\"@type\":\"WebSite\",\"@id\":\"https:\/\/alquilerbahia.com.ar\/#website\",\"url\":\"https:\/\/alquilerbahia.com.ar\/\",\"name\":\"Alquiler Bahia\",\"description\":\"Alquiler temporario en Bahia Blanca\",\"potentialAction\":[{\"@type\":\"SearchAction\",\"target\":{\"@type\":\"EntryPoint\",\"urlTemplate\":\"https:\/\/alquilerbahia.com.ar\/?s={search_term_string}\"},\"query-input\":{\"@type\":\"PropertyValueSpecification\",\"valueRequired\":true,\"valueName\":\"search_term_string\"}}],\"inLanguage\":\"es\"}]}<\/script>\n<!-- \/ Yoast SEO plugin. -->","yoast_head_json":{"title":"alquiler bahia blanca :: Alquiler por dia en Bahia","description":"Alquiler Bahia, en el centro de bahia blanca, con acceso a todos los servicios, se encuentran nuestros departamentos. Alquiler Bahia.com.ar","robots":{"index":"index","follow":"follow","max-snippet":"max-snippet:-1","max-image-preview":"max-image-preview:large","max-video-preview":"max-video-preview:-1"},"canonical":"https:\/\/alquilerbahia.com.ar\/","og_locale":"es_ES","og_type":"article","og_title":"alquiler bahia blanca :: Alquiler por dia en Bahia","og_description":"Alquiler Bahia, en el centro de bahia blanca, con acceso a todos los servicios, se encuentran nuestros departamentos. Alquiler Bahia.com.ar","og_url":"https:\/\/alquilerbahia.com.ar\/","og_site_name":"Alquiler Bahia","article_modified_time":"2025-10-12T16:08:18+00:00","og_image":[{"width":640,"height":480,"url":"http:\/\/alquilerbahia.com.ar\/wp-content\/uploads\/2015\/12\/estomba425-7.jpg","type":"image\/jpeg"}],"twitter_card":"summary_large_image","twitter_misc":{"Tiempo de lectura":"3 minutos"},"schema":{"@context":"https:\/\/schema.org","@graph":[{"@type":"WebPage","@id":"https:\/\/alquilerbahia.com.ar\/","url":"https:\/\/alquilerbahia.com.ar\/","name":"alquiler bahia blanca :: Alquiler por dia en Bahia","isPartOf":{"@id":"https:\/\/alquilerbahia.com.ar\/#website"},"primaryImageOfPage":{"@id":"https:\/\/alquilerbahia.com.ar\/#primaryimage"},"image":{"@id":"https:\/\/alquilerbahia.com.ar\/#primaryimage"},"thumbnailUrl":"https:\/\/alquilerbahia.com.ar\/wp-content\/uploads\/2015\/12\/estomba425-7.jpg","datePublished":"2015-12-06T14:57:42+00:00","dateModified":"2025-10-12T16:08:18+00:00","description":"Alquiler Bahia, en el centro de bahia blanca, con acceso a todos los servicios, se encuentran nuestros departamentos. Alquiler Bahia.com.ar","breadcrumb":{"@id":"https:\/\/alquilerbahia.com.ar\/#breadcrumb"},"inLanguage":"es","potentialAction":[{"@type":"ReadAction","target":["https:\/\/alquilerbahia.com.ar\/"]}]},{"@type":"ImageObject","inLanguage":"es","@id":"https:\/\/alquilerbahia.com.ar\/#primaryimage","url":"https:\/\/alquilerbahia.com.ar\/wp-content\/uploads\/2015\/12\/estomba425-7.jpg","contentUrl":"https:\/\/alquilerbahia.com.ar\/wp-content\/uploads\/2015\/12\/estomba425-7.jpg","width":640,"height":480,"caption":"Alquiler Bahia"},{"@type":"BreadcrumbList","@id":"https:\/\/alquilerbahia.com.ar\/#breadcrumb","itemListElement":[{"@type":"ListItem","position":1,"name":"Portada","item":"https:\/\/alquilerbahia.com.ar\/"},{"@type":"ListItem","position":2,"name":"Bienvenidos | Alquiler Bahia | Departamentos por dia en Bahia Blanca"}]},{"@type":"WebSite","@id":"https:\/\/alquilerbahia.com.ar\/#website","url":"https:\/\/alquilerbahia.com.ar\/","name":"Alquiler Bahia","description":"Alquiler temporario en Bahia Blanca","potentialAction":[{"@type":"SearchAction","target":{"@type":"EntryPoint","urlTemplate":"https:\/\/alquilerbahia.com.ar\/?s={search_term_string}"},"query-input":{"@type":"PropertyValueSpecification","valueRequired":true,"valueName":"search_term_string"}}],"inLanguage":"es"}]}},"_links":{"self":[{"href":"https:\/\/alquilerbahia.com.ar\/index.php?rest_route=\/wp\/v2\/pages\/5","targetHints":{"allow":["GET"]}}],"collection":[{"href":"https:\/\/alquilerbahia.com.ar\/index.php?rest_route=\/wp\/v2\/pages"}],"about":[{"href":"https:\/\/alquilerbahia.com.ar\/index.php?rest_route=\/wp\/v2\/types\/page"}],"author":[{"embeddable":true,"href":"https:\/\/alquilerbahia.com.ar\/index.php?rest_route=\/wp\/v2\/users\/1"}],"replies":[{"embeddable":true,"href":"https:\/\/alquilerbahia.com.ar\/index.php?rest_route=%2Fwp%2Fv2%2Fcomments&post=5"}],"version-history":[{"count":9,"href":"https:\/\/alquilerbahia.com.ar\/index.php?rest_route=\/wp\/v2\/pages\/5\/revisions"}],"predecessor-version":[{"id":163,"href":"https:\/\/alquilerbahia.com.ar\/index.php?rest_route=\/wp\/v2\/pages\/5\/revisions\/163"}],"wp:featuredmedia":[{"embeddable":true,"href":"https:\/\/alquilerbahia.com.ar\/index.php?rest_route=\/wp\/v2\/media\/58"}],"wp:attachment":[{"href":"https:\/\/alquilerbahia.com.ar\/index.php?rest_route=%2Fwp%2Fv2%2Fmedia&parent=5"}],"curies":[{"name":"wp","href":"https:\/\/api.w.org\/{rel}","templated":true}]}}