{"id":7,"date":"2015-12-06T14:58:03","date_gmt":"2015-12-06T14:58:03","guid":{"rendered":"https:\/\/alquilerbahia.com.ar\/sitio\/?page_id=7"},"modified":"2018-04-20T17:26:54","modified_gmt":"2018-04-20T17:26:54","slug":"apart-alsina","status":"publish","type":"page","link":"https:\/\/alquilerbahia.com.ar\/?page_id=7","title":{"rendered":"Apart Alsina | Alquiler Bahia Blanca"},"content":{"rendered":"<div class=\"wpb-content-wrapper\"><p>[vc_row full_width=\u00bb\u00bb parallax=\u00bb\u00bb parallax_image=\u00bb\u00bb][vc_column width=\u00bb1\/1&#8243;][vc_separator color=\u00bbchino\u00bb align=\u00bbalign_center\u00bb border_width=\u00bb2&#8243;][vc_custom_heading text=\u00bbApart Alsina | Bahia Blanca | Buenos Aires\u00bb font_container=\u00bbtag:h2|text_align:left\u00bb google_fonts=\u00bbfont_family:Oswald%3A300%2Cregular%2C700|font_style:400%20regular%3A400%3Anormal\u00bb][\/vc_column][\/vc_row][vc_row full_width=\u00bb\u00bb parallax=\u00bb\u00bb parallax_image=\u00bb\u00bb][vc_column width=\u00bb1\/2&#8243;][vc_column_text]<\/p>\n<ul>\n<li>Dormitorio con sommier &#8211; 2 plazas<\/li>\n<li>Placard espejado en pasillo<\/li>\n<li>Ba\u00f1o equipado con\u00a0ba\u00f1era<\/li>\n<li>Divan cama en comedor diario<\/li>\n<li>Cocina electrica de 2 hornallas.<\/li>\n<li>Microondas, Pava Electrica, heladera bajo mesada.<\/li>\n<li>Mesa y cuatro sillas<\/li>\n<li>Calefaccion y aire acond. central<\/li>\n<li>Internet-wifi<\/li>\n<li>Tv lcd 32 en comedor diario<\/li>\n<\/ul>\n<p><strong>EXCELENTE UBICACION Y ARQUITECTURA<\/strong><\/p>\n<p>A pasos del Teatro municipal y de la principal avenida de la ciudad.A pasos de los mejores<\/p>\n<p>lugares gastronomicos de la ciudad.A metros de la peatonal.A 3 cuadras de la plaza central .[\/vc_column_text][\/vc_column][vc_column width=\u00bb1\/2&#8243;][vc_masonry_media_grid style=\u00bball\u00bb items_per_page=\u00bb10&#8243; element_width=\u00bb4&#8243; gap=\u00bb5&#8243; button_style=\u00bbrounded\u00bb button_color=\u00bbblue\u00bb button_size=\u00bbmd\u00bb arrows_design=\u00bbnone\u00bb arrows_position=\u00bbinside\u00bb arrows_color=\u00bbblue\u00bb paging_design=\u00bbradio_dots\u00bb paging_color=\u00bbgrey\u00bb loop=\u00bb\u00bb autoplay=\u00bb-1&#8243; item=\u00bbmasonryMedia_Default\u00bb grid_id=\u00bbvc_gid:1524245215123-5f33a131-3086-6&#8243; include=\u00bb90,34,91,89,31,33,123,124,125,126,127&#8243;][\/vc_column][\/vc_row][vc_row full_width=\u00bb\u00bb parallax=\u00bb\u00bb parallax_image=\u00bb\u00bb][vc_column width=\u00bb1\/1&#8243;][vc_gmaps link=\u00bb#E-8_JTNDaWZyYW1lJTIwc3JjJTNEJTIyaHR0cHMlM0ElMkYlMkZ3d3cuZ29vZ2xlLmNvbSUyRm1hcHMlMkZkJTJGZW1iZWQlM0ZtaWQlM0R6aTJlOF9WRVhmaVUua2daalVqMWVTR1VnJTIyJTIwd2lkdGglM0QlMjIxMDAlMjUlMjIlMjBoZWlnaHQlM0QlMjI0ODAlMjIlM0UlM0MlMkZpZnJhbWUlM0U=\u00bb][\/vc_column][\/vc_row][vc_row full_width=\u00bb\u00bb parallax=\u00bb\u00bb parallax_image=\u00bb\u00bb][vc_column width=\u00bb1\/1&#8243;][vc_column_text]<\/p>\n<div class=\"gdl-header-wrapper\">\n<h1 class=\"gdl-header-title\">Generalidades de la Ciudad<\/h1>\n<\/div>\n<div class=\"row\">\n<div class=\"twelve columns \">\n<div class=\"gdl-page-content\">\n<h3 class=\"sep\">Introducci\u00f3n<\/h3>\n<p>La ciudad de Bah\u00eda Blanca, ubicada en el sudoeste de la Provincia de Buenos Aires de la Rep\u00fablica Argentina, cuenta con las condiciones y capacidades necesarias para cumplir un rol trascendente en el escenario nacional e internacional (<a href=\"http:\/\/www2.bahiablanca.gov.ar\/la-ciudad\/localizacion\/\">localizaci\u00f3n<\/a>).<\/p>\n<p>A\u00a0 trav\u00e9s del Puerto de Bah\u00eda Blanca (<a href=\"http:\/\/www2.bahiablanca.gov.ar\/la-ciudad\/puerto-de-bahia-blanca\/\">leer m\u00e1s<\/a>), de aguas profundas, constituye la salida natural de la producci\u00f3n agr\u00edcola de la regi\u00f3n pampeana, destacada cuenca agroexportadora de la Rep\u00fablica Argentina.<\/p>\n<p>La ciudad se ha consolidado como centro comercial y financiero para una amplia zona de influencia, proveyendo bienes y servicios.<\/p>\n<p>Constituye un destacado nodo de transportes y comunicaciones entre el Norte de la Patagonia y la Pampa sustentado en su infraestructura terrestre, mar\u00edtima y aeroportuaria que lo vinculan con otras econom\u00edas regionales y los mercados internacionales.<\/p>\n<p>La presencia de centros acad\u00e9micos de s\u00f3lido prestigio en los niveles universitario y terciario garantiza la formaci\u00f3n profesional de recursos humanos altamente calificados. Se destacan dos universidades nacionales:\u00a0<a href=\"http:\/\/www.uns.edu.ar\/\" target=\"_blank\">Universidad Nacional del Sur\u00a0<strong>UNS<\/strong><\/a>\u00a0y\u00a0<a href=\"http:\/\/www.frbb.utn.edu.ar\/\" target=\"_blank\">Universidad Tecnol\u00f3gica Nacional\u00a0<strong>UTN<\/strong><\/a>\u00a0y una tercera en formaci\u00f3n.<\/p>\n<p>Fortalece esta \u00e1rea la labor de los Institutos de investigaci\u00f3n como el\u00a0<a href=\"http:\/\/www.bahiablanca-conicet.gov.ar\/\" target=\"_blank\">Centro Cient\u00edfico Tecnol\u00f3gico CONICET Bah\u00eda Blanca\u00a0<strong>CCT\u2013BB<\/strong><\/a>; el\u00a0<a href=\"http:\/\/www.cerzos-conicet.gov.ar\/\" target=\"_blank\">Centro de Recursos Renovables de la Zona Semi\u00e1rida<strong>\u00a0CERZOS<\/strong><\/a>; la\u00a0<a href=\"http:\/\/www.plapiqui.edu.ar\/\" target=\"_blank\">Planta Piloto de Ingenier\u00eda Qu\u00edmica\u00a0<strong>PLAPIQUI<\/strong><\/a>, y el Instituto de Estudios Econ\u00f3micos y Sociales que funcionan en la \u00f3rbita de la UNS y el CCT-BB, as\u00ed como los grupos de investigaci\u00f3n de la UTN.<\/p>\n<p>Asimismo la\u00a0<a href=\"http:\/\/www.upso.edu.ar\/\" target=\"_blank\">Universidad Provincial del Sudoeste\u00a0<strong>UPSO<\/strong><\/a>, cuyas sedes se encuentran en distintos municipios, capacita alumnos en carreras cortas vinculadas a las demandas regionales.<\/p>\n<\/div>\n<\/div>\n<\/div>\n<p>[\/vc_column_text][\/vc_column][\/vc_row]<\/p>\n<\/div>","protected":false},"excerpt":{"rendered":"<p>[vc_row full_width=\u00bb\u00bb parallax=\u00bb\u00bb parallax_image=\u00bb\u00bb][vc_column width=\u00bb1\/1&#8243;][vc_separator color=\u00bbchino\u00bb align=\u00bbalign_center\u00bb border_width=\u00bb2&#8243;][vc_custom_heading text=\u00bbApart Alsina | Bahia Blanca | Buenos Aires\u00bb font_container=\u00bbtag:h2|text_align:left\u00bb google_fonts=\u00bbfont_family:Oswald%3A300%2Cregular%2C700|font_style:400%20regular%3A400%3Anormal\u00bb][\/vc_column][\/vc_row][vc_row full_width=\u00bb\u00bb parallax=\u00bb\u00bb&#8230;<\/p>\n","protected":false},"author":1,"featured_media":34,"parent":0,"menu_order":0,"comment_status":"closed","ping_status":"closed","template":"","meta":{"footnotes":""},"class_list":["post-7","page","type-page","status-publish","has-post-thumbnail","hentry"],"yoast_head":"<!-- This site is optimized with the Yoast SEO plugin v27.1.1 - https:\/\/yoast.com\/product\/yoast-seo-wordpress\/ -->\n<title>apart alsina<\/title>\n<meta name=\"description\" content=\"En inmejorable ubicacion en el centro de bahia blanca, con acceso a todos los servicios, se encuentra el departamento, en alsina y lamadrid y a solo dos cuadras de la plaza central. Apart Alsina, alquiler por dia. Tel. 0291-154136020\" \/>\n<meta name=\"robots\" content=\"index, follow, max-snippet:-1, max-image-preview:large, max-video-preview:-1\" \/>\n<link rel=\"canonical\" href=\"https:\/\/alquilerbahia.com.ar\/?page_id=7\" \/>\n<meta property=\"og:locale\" content=\"es_ES\" \/>\n<meta property=\"og:type\" content=\"article\" \/>\n<meta property=\"og:title\" content=\"apart alsina\" \/>\n<meta property=\"og:description\" content=\"En inmejorable ubicacion en el centro de bahia blanca, con acceso a todos los servicios, se encuentra el departamento, en alsina y lamadrid y a solo dos cuadras de la plaza central. Apart Alsina, alquiler por dia. Tel. 0291-154136020\" \/>\n<meta property=\"og:url\" content=\"https:\/\/alquilerbahia.com.ar\/?page_id=7\" \/>\n<meta property=\"og:site_name\" content=\"Alquiler Bahia\" \/>\n<meta property=\"article:modified_time\" content=\"2018-04-20T17:26:54+00:00\" \/>\n<meta property=\"og:image\" content=\"https:\/\/alquilerbahia.com.ar\/wp-content\/uploads\/2015\/12\/12.jpg\" \/>\n\t<meta property=\"og:image:width\" content=\"640\" \/>\n\t<meta property=\"og:image:height\" content=\"369\" \/>\n\t<meta property=\"og:image:type\" content=\"image\/jpeg\" \/>\n<meta name=\"twitter:card\" content=\"summary_large_image\" \/>\n<meta name=\"twitter:label1\" content=\"Tiempo de lectura\" \/>\n\t<meta name=\"twitter:data1\" content=\"3 minutos\" \/>\n<script type=\"application\/ld+json\" class=\"yoast-schema-graph\">{\"@context\":\"https:\/\/schema.org\",\"@graph\":[{\"@type\":\"WebPage\",\"@id\":\"https:\/\/alquilerbahia.com.ar\/?page_id=7\",\"url\":\"https:\/\/alquilerbahia.com.ar\/?page_id=7\",\"name\":\"apart alsina\",\"isPartOf\":{\"@id\":\"https:\/\/alquilerbahia.com.ar\/#website\"},\"primaryImageOfPage\":{\"@id\":\"https:\/\/alquilerbahia.com.ar\/?page_id=7#primaryimage\"},\"image\":{\"@id\":\"https:\/\/alquilerbahia.com.ar\/?page_id=7#primaryimage\"},\"thumbnailUrl\":\"https:\/\/alquilerbahia.com.ar\/wp-content\/uploads\/2015\/12\/12.jpg\",\"datePublished\":\"2015-12-06T14:58:03+00:00\",\"dateModified\":\"2018-04-20T17:26:54+00:00\",\"description\":\"En inmejorable ubicacion en el centro de bahia blanca, con acceso a todos los servicios, se encuentra el departamento, en alsina y lamadrid y a solo dos cuadras de la plaza central. Apart Alsina, alquiler por dia. Tel. 0291-154136020\",\"breadcrumb\":{\"@id\":\"https:\/\/alquilerbahia.com.ar\/?page_id=7#breadcrumb\"},\"inLanguage\":\"es\",\"potentialAction\":[{\"@type\":\"ReadAction\",\"target\":[\"https:\/\/alquilerbahia.com.ar\/?page_id=7\"]}]},{\"@type\":\"ImageObject\",\"inLanguage\":\"es\",\"@id\":\"https:\/\/alquilerbahia.com.ar\/?page_id=7#primaryimage\",\"url\":\"https:\/\/alquilerbahia.com.ar\/wp-content\/uploads\/2015\/12\/12.jpg\",\"contentUrl\":\"https:\/\/alquilerbahia.com.ar\/wp-content\/uploads\/2015\/12\/12.jpg\",\"width\":640,\"height\":369,\"caption\":\"ApartAlsina\"},{\"@type\":\"BreadcrumbList\",\"@id\":\"https:\/\/alquilerbahia.com.ar\/?page_id=7#breadcrumb\",\"itemListElement\":[{\"@type\":\"ListItem\",\"position\":1,\"name\":\"Portada\",\"item\":\"https:\/\/alquilerbahia.com.ar\/\"},{\"@type\":\"ListItem\",\"position\":2,\"name\":\"Apart Alsina | Alquiler Bahia Blanca\"}]},{\"@type\":\"WebSite\",\"@id\":\"https:\/\/alquilerbahia.com.ar\/#website\",\"url\":\"https:\/\/alquilerbahia.com.ar\/\",\"name\":\"Alquiler Bahia\",\"description\":\"Alquiler temporario en Bahia Blanca\",\"potentialAction\":[{\"@type\":\"SearchAction\",\"target\":{\"@type\":\"EntryPoint\",\"urlTemplate\":\"https:\/\/alquilerbahia.com.ar\/?s={search_term_string}\"},\"query-input\":{\"@type\":\"PropertyValueSpecification\",\"valueRequired\":true,\"valueName\":\"search_term_string\"}}],\"inLanguage\":\"es\"}]}<\/script>\n<!-- \/ Yoast SEO plugin. -->","yoast_head_json":{"title":"apart alsina","description":"En inmejorable ubicacion en el centro de bahia blanca, con acceso a todos los servicios, se encuentra el departamento, en alsina y lamadrid y a solo dos cuadras de la plaza central. Apart Alsina, alquiler por dia. Tel. 0291-154136020","robots":{"index":"index","follow":"follow","max-snippet":"max-snippet:-1","max-image-preview":"max-image-preview:large","max-video-preview":"max-video-preview:-1"},"canonical":"https:\/\/alquilerbahia.com.ar\/?page_id=7","og_locale":"es_ES","og_type":"article","og_title":"apart alsina","og_description":"En inmejorable ubicacion en el centro de bahia blanca, con acceso a todos los servicios, se encuentra el departamento, en alsina y lamadrid y a solo dos cuadras de la plaza central. Apart Alsina, alquiler por dia. Tel. 0291-154136020","og_url":"https:\/\/alquilerbahia.com.ar\/?page_id=7","og_site_name":"Alquiler Bahia","article_modified_time":"2018-04-20T17:26:54+00:00","og_image":[{"width":640,"height":369,"url":"https:\/\/alquilerbahia.com.ar\/wp-content\/uploads\/2015\/12\/12.jpg","type":"image\/jpeg"}],"twitter_card":"summary_large_image","twitter_misc":{"Tiempo de lectura":"3 minutos"},"schema":{"@context":"https:\/\/schema.org","@graph":[{"@type":"WebPage","@id":"https:\/\/alquilerbahia.com.ar\/?page_id=7","url":"https:\/\/alquilerbahia.com.ar\/?page_id=7","name":"apart alsina","isPartOf":{"@id":"https:\/\/alquilerbahia.com.ar\/#website"},"primaryImageOfPage":{"@id":"https:\/\/alquilerbahia.com.ar\/?page_id=7#primaryimage"},"image":{"@id":"https:\/\/alquilerbahia.com.ar\/?page_id=7#primaryimage"},"thumbnailUrl":"https:\/\/alquilerbahia.com.ar\/wp-content\/uploads\/2015\/12\/12.jpg","datePublished":"2015-12-06T14:58:03+00:00","dateModified":"2018-04-20T17:26:54+00:00","description":"En inmejorable ubicacion en el centro de bahia blanca, con acceso a todos los servicios, se encuentra el departamento, en alsina y lamadrid y a solo dos cuadras de la plaza central. Apart Alsina, alquiler por dia. Tel. 0291-154136020","breadcrumb":{"@id":"https:\/\/alquilerbahia.com.ar\/?page_id=7#breadcrumb"},"inLanguage":"es","potentialAction":[{"@type":"ReadAction","target":["https:\/\/alquilerbahia.com.ar\/?page_id=7"]}]},{"@type":"ImageObject","inLanguage":"es","@id":"https:\/\/alquilerbahia.com.ar\/?page_id=7#primaryimage","url":"https:\/\/alquilerbahia.com.ar\/wp-content\/uploads\/2015\/12\/12.jpg","contentUrl":"https:\/\/alquilerbahia.com.ar\/wp-content\/uploads\/2015\/12\/12.jpg","width":640,"height":369,"caption":"ApartAlsina"},{"@type":"BreadcrumbList","@id":"https:\/\/alquilerbahia.com.ar\/?page_id=7#breadcrumb","itemListElement":[{"@type":"ListItem","position":1,"name":"Portada","item":"https:\/\/alquilerbahia.com.ar\/"},{"@type":"ListItem","position":2,"name":"Apart Alsina | Alquiler Bahia Blanca"}]},{"@type":"WebSite","@id":"https:\/\/alquilerbahia.com.ar\/#website","url":"https:\/\/alquilerbahia.com.ar\/","name":"Alquiler Bahia","description":"Alquiler temporario en Bahia Blanca","potentialAction":[{"@type":"SearchAction","target":{"@type":"EntryPoint","urlTemplate":"https:\/\/alquilerbahia.com.ar\/?s={search_term_string}"},"query-input":{"@type":"PropertyValueSpecification","valueRequired":true,"valueName":"search_term_string"}}],"inLanguage":"es"}]}},"_links":{"self":[{"href":"https:\/\/alquilerbahia.com.ar\/index.php?rest_route=\/wp\/v2\/pages\/7","targetHints":{"allow":["GET"]}}],"collection":[{"href":"https:\/\/alquilerbahia.com.ar\/index.php?rest_route=\/wp\/v2\/pages"}],"about":[{"href":"https:\/\/alquilerbahia.com.ar\/index.php?rest_route=\/wp\/v2\/types\/page"}],"author":[{"embeddable":true,"href":"https:\/\/alquilerbahia.com.ar\/index.php?rest_route=\/wp\/v2\/users\/1"}],"replies":[{"embeddable":true,"href":"https:\/\/alquilerbahia.com.ar\/index.php?rest_route=%2Fwp%2Fv2%2Fcomments&post=7"}],"version-history":[{"count":11,"href":"https:\/\/alquilerbahia.com.ar\/index.php?rest_route=\/wp\/v2\/pages\/7\/revisions"}],"predecessor-version":[{"id":154,"href":"https:\/\/alquilerbahia.com.ar\/index.php?rest_route=\/wp\/v2\/pages\/7\/revisions\/154"}],"wp:featuredmedia":[{"embeddable":true,"href":"https:\/\/alquilerbahia.com.ar\/index.php?rest_route=\/wp\/v2\/media\/34"}],"wp:attachment":[{"href":"https:\/\/alquilerbahia.com.ar\/index.php?rest_route=%2Fwp%2Fv2%2Fmedia&parent=7"}],"curies":[{"name":"wp","href":"https:\/\/api.w.org\/{rel}","templated":true}]}}