{"id":9,"date":"2015-12-06T14:58:25","date_gmt":"2015-12-06T14:58:25","guid":{"rendered":"https:\/\/alquilerbahia.com.ar\/sitio\/?page_id=9"},"modified":"2019-10-18T12:23:07","modified_gmt":"2019-10-18T12:23:07","slug":"estomba","status":"publish","type":"page","link":"https:\/\/alquilerbahia.com.ar\/?page_id=9","title":{"rendered":"Alquiler Bahia Estomba| Departamento por dia"},"content":{"rendered":"<div class=\"wpb-content-wrapper\"><p>[vc_row][vc_column][vc_separator color=\u00bbchino\u00bb border_width=\u00bb2&#8243;][vc_custom_heading text=\u00bbApart Estomba | alquilerbahia.com.ar | Departamento por dia | Bahia Blanca\u00bb google_fonts=\u00bbfont_family:Oswald%3A300%2Cregular%2C700|font_style:400%20regular%3A400%3Anormal\u00bb][\/vc_column][\/vc_row][vc_row][vc_column width=\u00bb1\/2&#8243;][vc_column_text]<\/p>\n<h2>Alquiler Bahia Estomba | Apart Estomba<\/h2>\n<ul>\n<li>Alquiler bahia estomba , su mejor opci\u00f3n.<\/li>\n<li>Departamento amplio con patio, cocina y ba\u00f1o de recepci\u00f3n;<\/li>\n<li>Muy buena luz, calidez y confort.<\/li>\n<li>1 Dormitorio matrimonial con somier de 2 pzas.<\/li>\n<li>1 Dormitorio con 2 somier de 1 pza;<\/li>\n<li>Amplios placards con cajoneras<\/li>\n<li>Ventiladores de techo en dormitorios con comando \u00abremoto\u00bb desde la cama.<\/li>\n<li>Calefatores individuales, tiro balanceado, en dormitorios y living.<\/li>\n<li>Aire acondicionado Frio\/calor<\/li>\n<li>Tv-lcd 32&#8243;.<\/li>\n<li>Amplio living comedor, con Mesa, sillas y vajilla para 4 personas.<\/li>\n<li>Cocina independiente.<\/li>\n<li>Microondas.<\/li>\n<li>Heladera grande.<\/li>\n<li>TV cable e internet WIFI.<\/li>\n<li>Ambos ba\u00f1os poseen extractor de olores.<\/li>\n<\/ul>\n<p><strong>Incluye s\u00e1banas.<\/strong><\/p>\n<div id=\"x_yui_3_16_0_1_1452630837891_5057\" dir=\"ltr\"><b id=\"x_yui_3_16_0_1_1452630837891_5155\">ZONA CENTRICA<\/b><\/div>\n<div id=\"x_yui_3_16_0_1_1452630837891_5058\" dir=\"ltr\"><b id=\"x_yui_3_16_0_1_1452630837891_5059\">A 3 CUADRAS DE LA PLAZA CENTRAL<\/b><\/div>\n<div id=\"x_yui_3_16_0_1_1452630837891_5068\" dir=\"ltr\"><b id=\"x_yui_3_16_0_1_1452630837891_5059\">A POCOS METROS DEL HOSPITAL ESPA\u00d1OL<\/b><\/div>\n<p>[\/vc_column_text][\/vc_column][vc_column width=\u00bb1\/2&#8243;][vc_masonry_media_grid arrows_design=\u00bbnone\u00bb arrows_position=\u00bbinside\u00bb arrows_color=\u00bbblue\u00bb paging_design=\u00bbradio_dots\u00bb paging_color=\u00bbgrey\u00bb loop=\u00bb\u00bb autoplay=\u00bb-1&#8243; grid_id=\u00bbvc_gid:1571401325570-630a2aa4-0dbb-5&#8243; include=\u00bb141,143,144,145,146,147,148,149,174&#8243;][\/vc_column][\/vc_row][vc_row][vc_column][vc_gmaps link=\u00bb#E-8_JTNDaWZyYW1lJTIwc3JjJTNEJTIyaHR0cHMlM0ElMkYlMkZ3d3cuZ29vZ2xlLmNvbSUyRm1hcHMlMkZlbWJlZCUzRnBiJTNEJTIxMW0xNCUyMTFtOCUyMTFtMyUyMTFkMjQ5MDUuMTAzMTQyMDU3MTM0JTIxMmQtNjIuMjcxMDQxMDAwMDAwMDA0JTIxM2QtMzguNzE0NjQzJTIxM20yJTIxMWkxMDI0JTIxMmk3NjglMjE0ZjEzLjElMjEzbTMlMjExbTIlMjExczB4OTVlZGJjYWVkYTQ3NDM5ZCUyNTNBMHg2OTdjM2M5ZGEzNzI2MWRiJTIxMnNFc3RvbWJhJTJCNDI1JTI1MkMlMkJCODAwMEFBSSUyQkJhaCUyNUMzJTI1QURhJTJCQmxhbmNhJTI1MkMlMkJCdWVub3MlMkJBaXJlcyUyNTJDJTJCQXJnZW50aW5hJTIxNWUwJTIxM20yJTIxMXNlcyUyMTJzdXMlMjE0djE0NDk2ODE0NjU3MjIlMjIlMjB3aWR0aCUzRCUyMjEwMCUyNSUyMiUyMGhlaWdodCUzRCUyMjQ1MCUyMiUyMGZyYW1lYm9yZGVyJTNEJTIyMCUyMiUyMHN0eWxlJTNEJTIyYm9yZGVyJTNBMCUyMiUyMGFsbG93ZnVsbHNjcmVlbiUzRSUzQyUyRmlmcmFtZSUzRQ==\u00bb][\/vc_column][\/vc_row][vc_row][vc_column][vc_column_text]<span style=\"color: #ffffff;\">La ciudad de Bah\u00eda Blanca, ubicada en el sudoeste de la Provincia de Buenos Aires de la Rep\u00fablica Argentina, cuenta con las condiciones y capacidades necesarias para cumplir un rol trascendente en el escenario nacional e internacional (localizaci\u00f3n).<\/span><\/p>\n<p><span style=\"color: #ffffff;\">A\u00a0 trav\u00e9s del Puerto de Bah\u00eda Blanca (leer m\u00e1s), de aguas profundas, constituye la salida natural de la producci\u00f3n agr\u00edcola de la regi\u00f3n pampeana, destacada cuenca agroexportadora de la Rep\u00fablica Argentina.<\/span><\/p>\n<p><span style=\"color: #ffffff;\">La ciudad se ha consolidado como centro comercial y financiero para una amplia zona de influencia, proveyendo bienes y servicios.<\/span><\/p>\n<p><span style=\"color: #ffffff;\">Constituye un destacado nodo de transportes y comunicaciones entre el Norte de la Patagonia y la Pampa sustentado en su infraestructura terrestre, mar\u00edtima y aeroportuaria que lo vinculan con otras econom\u00edas regionales y los mercados internacionales.<\/span><\/p>\n<p><span style=\"color: #ffffff;\">La presencia de centros acad\u00e9micos de s\u00f3lido prestigio en los niveles universitario y terciario garantiza la formaci\u00f3n profesional de recursos humanos altamente calificados. Se destacan dos universidades nacionales:\u00a0Universidad Nacional del Sur\u00a0<strong>UNS<\/strong>\u00a0y\u00a0Universidad Tecnol\u00f3gica Nacional\u00a0<strong>UTN<\/strong>\u00a0y una tercera en formaci\u00f3n.<\/span><\/p>\n<p><span style=\"color: #ffffff;\">Fortalece esta \u00e1rea la labor de los Institutos de investigaci\u00f3n como el\u00a0Centro Cient\u00edfico Tecnol\u00f3gico CONICET Bah\u00eda Blanca\u00a0<strong>CCT\u2013BB<\/strong>; el\u00a0Centro de Recursos Renovables de la Zona Semi\u00e1rida<strong>\u00a0CERZOS<\/strong>; la\u00a0Planta Piloto de Ingenier\u00eda Qu\u00edmica\u00a0<strong>PLAPIQUI<\/strong>, y el Instituto de Estudios Econ\u00f3micos y Sociales que funcionan en la \u00f3rbita de la UNS y el CCT-BB, as\u00ed como los grupos de investigaci\u00f3n de la UTN.<\/span><\/p>\n<p><span style=\"color: #ffffff;\">Asimismo la\u00a0Universidad Provincial del Sudoeste\u00a0<strong>UPSO<\/strong>, cuyas sedes se encuentran en distintos municipios, capacita alumnos en carreras cortas vinculadas a las demandas regionales.<\/span>[\/vc_column_text][\/vc_column][\/vc_row]<\/p>\n<\/div>","protected":false},"excerpt":{"rendered":"<p>[vc_row][vc_column][vc_separator color=\u00bbchino\u00bb border_width=\u00bb2&#8243;][vc_custom_heading text=\u00bbApart Estomba | alquilerbahia.com.ar | Departamento por dia | Bahia Blanca\u00bb google_fonts=\u00bbfont_family:Oswald%3A300%2Cregular%2C700|font_style:400%20regular%3A400%3Anormal\u00bb][\/vc_column][\/vc_row][vc_row][vc_column width=\u00bb1\/2&#8243;][vc_column_text] Alquiler Bahia Estomba |&#8230;<\/p>\n","protected":false},"author":1,"featured_media":54,"parent":0,"menu_order":0,"comment_status":"closed","ping_status":"closed","template":"","meta":{"footnotes":""},"class_list":["post-9","page","type-page","status-publish","has-post-thumbnail","hentry"],"yoast_head":"<!-- This site is optimized with the Yoast SEO plugin v27.1.1 - https:\/\/yoast.com\/product\/yoast-seo-wordpress\/ -->\n<title>\u00a0Alquiler Bahia Estomba |alquilerbahia.com.ar<\/title>\n<meta name=\"description\" content=\"Alquiler Bahia Estomba,\u00a0 en inmejorable ubicacion sobre calle estomba, apart Estomba, su mejor opcion.Alquiler Bahia Blanca.\" \/>\n<meta name=\"robots\" content=\"index, follow, max-snippet:-1, max-image-preview:large, max-video-preview:-1\" \/>\n<link rel=\"canonical\" href=\"https:\/\/alquilerbahia.com.ar\/?page_id=9\" \/>\n<meta property=\"og:locale\" content=\"es_ES\" \/>\n<meta property=\"og:type\" content=\"article\" \/>\n<meta property=\"og:title\" content=\"\u00a0Alquiler Bahia Estomba |alquilerbahia.com.ar\" \/>\n<meta property=\"og:description\" content=\"Alquiler Bahia Estomba,\u00a0 en inmejorable ubicacion sobre calle estomba, apart Estomba, su mejor opcion.Alquiler Bahia Blanca.\" \/>\n<meta property=\"og:url\" content=\"https:\/\/alquilerbahia.com.ar\/?page_id=9\" \/>\n<meta property=\"og:site_name\" content=\"Alquiler Bahia\" \/>\n<meta property=\"article:modified_time\" content=\"2019-10-18T12:23:07+00:00\" \/>\n<meta property=\"og:image\" content=\"https:\/\/alquilerbahia.com.ar\/wp-content\/uploads\/2015\/12\/estomba425-3.jpg\" \/>\n\t<meta property=\"og:image:width\" content=\"640\" \/>\n\t<meta property=\"og:image:height\" content=\"480\" \/>\n\t<meta property=\"og:image:type\" content=\"image\/jpeg\" \/>\n<meta name=\"twitter:card\" content=\"summary_large_image\" \/>\n<meta name=\"twitter:label1\" content=\"Tiempo de lectura\" \/>\n\t<meta name=\"twitter:data1\" content=\"3 minutos\" \/>\n<script type=\"application\/ld+json\" class=\"yoast-schema-graph\">{\"@context\":\"https:\/\/schema.org\",\"@graph\":[{\"@type\":\"WebPage\",\"@id\":\"https:\/\/alquilerbahia.com.ar\/?page_id=9\",\"url\":\"https:\/\/alquilerbahia.com.ar\/?page_id=9\",\"name\":\"\u00a0Alquiler Bahia Estomba |alquilerbahia.com.ar\",\"isPartOf\":{\"@id\":\"https:\/\/alquilerbahia.com.ar\/#website\"},\"primaryImageOfPage\":{\"@id\":\"https:\/\/alquilerbahia.com.ar\/?page_id=9#primaryimage\"},\"image\":{\"@id\":\"https:\/\/alquilerbahia.com.ar\/?page_id=9#primaryimage\"},\"thumbnailUrl\":\"https:\/\/alquilerbahia.com.ar\/wp-content\/uploads\/2015\/12\/estomba425-3.jpg\",\"datePublished\":\"2015-12-06T14:58:25+00:00\",\"dateModified\":\"2019-10-18T12:23:07+00:00\",\"description\":\"Alquiler Bahia Estomba,\u00a0 en inmejorable ubicacion sobre calle estomba, apart Estomba, su mejor opcion.Alquiler Bahia Blanca.\",\"breadcrumb\":{\"@id\":\"https:\/\/alquilerbahia.com.ar\/?page_id=9#breadcrumb\"},\"inLanguage\":\"es\",\"potentialAction\":[{\"@type\":\"ReadAction\",\"target\":[\"https:\/\/alquilerbahia.com.ar\/?page_id=9\"]}]},{\"@type\":\"ImageObject\",\"inLanguage\":\"es\",\"@id\":\"https:\/\/alquilerbahia.com.ar\/?page_id=9#primaryimage\",\"url\":\"https:\/\/alquilerbahia.com.ar\/wp-content\/uploads\/2015\/12\/estomba425-3.jpg\",\"contentUrl\":\"https:\/\/alquilerbahia.com.ar\/wp-content\/uploads\/2015\/12\/estomba425-3.jpg\",\"width\":640,\"height\":480,\"caption\":\"alquiler bahia blanca\"},{\"@type\":\"BreadcrumbList\",\"@id\":\"https:\/\/alquilerbahia.com.ar\/?page_id=9#breadcrumb\",\"itemListElement\":[{\"@type\":\"ListItem\",\"position\":1,\"name\":\"Portada\",\"item\":\"https:\/\/alquilerbahia.com.ar\/\"},{\"@type\":\"ListItem\",\"position\":2,\"name\":\"Alquiler Bahia Estomba| Departamento por dia\"}]},{\"@type\":\"WebSite\",\"@id\":\"https:\/\/alquilerbahia.com.ar\/#website\",\"url\":\"https:\/\/alquilerbahia.com.ar\/\",\"name\":\"Alquiler Bahia\",\"description\":\"Alquiler temporario en Bahia Blanca\",\"potentialAction\":[{\"@type\":\"SearchAction\",\"target\":{\"@type\":\"EntryPoint\",\"urlTemplate\":\"https:\/\/alquilerbahia.com.ar\/?s={search_term_string}\"},\"query-input\":{\"@type\":\"PropertyValueSpecification\",\"valueRequired\":true,\"valueName\":\"search_term_string\"}}],\"inLanguage\":\"es\"}]}<\/script>\n<!-- \/ Yoast SEO plugin. -->","yoast_head_json":{"title":"\u00a0Alquiler Bahia Estomba |alquilerbahia.com.ar","description":"Alquiler Bahia Estomba,\u00a0 en inmejorable ubicacion sobre calle estomba, apart Estomba, su mejor opcion.Alquiler Bahia Blanca.","robots":{"index":"index","follow":"follow","max-snippet":"max-snippet:-1","max-image-preview":"max-image-preview:large","max-video-preview":"max-video-preview:-1"},"canonical":"https:\/\/alquilerbahia.com.ar\/?page_id=9","og_locale":"es_ES","og_type":"article","og_title":"\u00a0Alquiler Bahia Estomba |alquilerbahia.com.ar","og_description":"Alquiler Bahia Estomba,\u00a0 en inmejorable ubicacion sobre calle estomba, apart Estomba, su mejor opcion.Alquiler Bahia Blanca.","og_url":"https:\/\/alquilerbahia.com.ar\/?page_id=9","og_site_name":"Alquiler Bahia","article_modified_time":"2019-10-18T12:23:07+00:00","og_image":[{"width":640,"height":480,"url":"https:\/\/alquilerbahia.com.ar\/wp-content\/uploads\/2015\/12\/estomba425-3.jpg","type":"image\/jpeg"}],"twitter_card":"summary_large_image","twitter_misc":{"Tiempo de lectura":"3 minutos"},"schema":{"@context":"https:\/\/schema.org","@graph":[{"@type":"WebPage","@id":"https:\/\/alquilerbahia.com.ar\/?page_id=9","url":"https:\/\/alquilerbahia.com.ar\/?page_id=9","name":"\u00a0Alquiler Bahia Estomba |alquilerbahia.com.ar","isPartOf":{"@id":"https:\/\/alquilerbahia.com.ar\/#website"},"primaryImageOfPage":{"@id":"https:\/\/alquilerbahia.com.ar\/?page_id=9#primaryimage"},"image":{"@id":"https:\/\/alquilerbahia.com.ar\/?page_id=9#primaryimage"},"thumbnailUrl":"https:\/\/alquilerbahia.com.ar\/wp-content\/uploads\/2015\/12\/estomba425-3.jpg","datePublished":"2015-12-06T14:58:25+00:00","dateModified":"2019-10-18T12:23:07+00:00","description":"Alquiler Bahia Estomba,\u00a0 en inmejorable ubicacion sobre calle estomba, apart Estomba, su mejor opcion.Alquiler Bahia Blanca.","breadcrumb":{"@id":"https:\/\/alquilerbahia.com.ar\/?page_id=9#breadcrumb"},"inLanguage":"es","potentialAction":[{"@type":"ReadAction","target":["https:\/\/alquilerbahia.com.ar\/?page_id=9"]}]},{"@type":"ImageObject","inLanguage":"es","@id":"https:\/\/alquilerbahia.com.ar\/?page_id=9#primaryimage","url":"https:\/\/alquilerbahia.com.ar\/wp-content\/uploads\/2015\/12\/estomba425-3.jpg","contentUrl":"https:\/\/alquilerbahia.com.ar\/wp-content\/uploads\/2015\/12\/estomba425-3.jpg","width":640,"height":480,"caption":"alquiler bahia blanca"},{"@type":"BreadcrumbList","@id":"https:\/\/alquilerbahia.com.ar\/?page_id=9#breadcrumb","itemListElement":[{"@type":"ListItem","position":1,"name":"Portada","item":"https:\/\/alquilerbahia.com.ar\/"},{"@type":"ListItem","position":2,"name":"Alquiler Bahia Estomba| Departamento por dia"}]},{"@type":"WebSite","@id":"https:\/\/alquilerbahia.com.ar\/#website","url":"https:\/\/alquilerbahia.com.ar\/","name":"Alquiler Bahia","description":"Alquiler temporario en Bahia Blanca","potentialAction":[{"@type":"SearchAction","target":{"@type":"EntryPoint","urlTemplate":"https:\/\/alquilerbahia.com.ar\/?s={search_term_string}"},"query-input":{"@type":"PropertyValueSpecification","valueRequired":true,"valueName":"search_term_string"}}],"inLanguage":"es"}]}},"_links":{"self":[{"href":"https:\/\/alquilerbahia.com.ar\/index.php?rest_route=\/wp\/v2\/pages\/9","targetHints":{"allow":["GET"]}}],"collection":[{"href":"https:\/\/alquilerbahia.com.ar\/index.php?rest_route=\/wp\/v2\/pages"}],"about":[{"href":"https:\/\/alquilerbahia.com.ar\/index.php?rest_route=\/wp\/v2\/types\/page"}],"author":[{"embeddable":true,"href":"https:\/\/alquilerbahia.com.ar\/index.php?rest_route=\/wp\/v2\/users\/1"}],"replies":[{"embeddable":true,"href":"https:\/\/alquilerbahia.com.ar\/index.php?rest_route=%2Fwp%2Fv2%2Fcomments&post=9"}],"version-history":[{"count":10,"href":"https:\/\/alquilerbahia.com.ar\/index.php?rest_route=\/wp\/v2\/pages\/9\/revisions"}],"predecessor-version":[{"id":176,"href":"https:\/\/alquilerbahia.com.ar\/index.php?rest_route=\/wp\/v2\/pages\/9\/revisions\/176"}],"wp:featuredmedia":[{"embeddable":true,"href":"https:\/\/alquilerbahia.com.ar\/index.php?rest_route=\/wp\/v2\/media\/54"}],"wp:attachment":[{"href":"https:\/\/alquilerbahia.com.ar\/index.php?rest_route=%2Fwp%2Fv2%2Fmedia&parent=9"}],"curies":[{"name":"wp","href":"https:\/\/api.w.org\/{rel}","templated":true}]}}